{"id":87,"date":"2018-03-02T10:51:43","date_gmt":"2018-03-02T10:51:43","guid":{"rendered":"http:\/\/stronybiznes.home.pl\/autoinstalator\/wordpress3\/?page_id=87"},"modified":"2019-12-18T10:32:01","modified_gmt":"2019-12-18T10:32:01","slug":"pulmonologiczna-dla-doroslych-nfz","status":"publish","type":"page","link":"http:\/\/medyk-zlotow.pl\/?page_id=87","title":{"rendered":"Pulmonologiczna dla doros\u0142ych NFZ"},"content":{"rendered":"<p><strong>Zakres dzialalno\u015bci Poradni Pulmonologicznej dla Doros\u0142ych<\/strong><\/p>\n<p><strong>Pulmonologia&nbsp;<\/strong>(pneumonologia,dawniej ftyzjatria) &#8211; dzia\u0142 medycyny zajmuj\u0105cy si\u0119 diagnostyk\u0105, leczeniem i profilaktyk\u0105 chor\u00f3b uk\u0142adu oddechowego.<br \/>\nNajcz\u0119stsze choroby uk\u0142adu oddechowego :astma oskrzelowa,gru\u017alica,mukowiscydoza,odma op\u0142ucnowa, przewlek\u0142a obturacyjna choroba p\u0142uc (POChP),pylica p\u0142uc,rak p\u0142uc,sarkoidoza,zapalenie oskrzeli,zapalenie p\u0142uc.<\/p>\n<p><strong>Pulmonologia&nbsp;dla doros\u0142ych &nbsp;zajmuje si\u0119 leczeniem pacjent\u00f3w&nbsp;powy\u017cej 18 roku \u017cycja.<\/strong><\/p>\n<p><img decoding=\"async\" loading=\"lazy\" class=\"\" src=\"http:\/\/www.medyk-zlotow.pl\/dane\/pliki\/Image\/drKalicka.jpg\" alt=\"\" width=\"386\" height=\"290\"><\/p>\n<p><strong>W poradni przyjmuje:<\/strong><\/p>\n<ul>\n<li><strong>lek.med.Piotr \u0141awi\u0144ski&nbsp;&#8211; specjalista pulmonolog<\/strong><\/li>\n<\/ul>\n<p>&nbsp;<\/p>\n<p><strong>Wykonywane us\u0142ugi :<\/strong><\/p>\n<ul>\n<li>konsultacje pulmonologiczne<\/li>\n<li>radiogram klatki piersiowej<\/li>\n<li>tomografia komputerowa<\/li>\n<li>bronchofiberoskopia<\/li>\n<li>spirometria<\/li>\n<li>testy i leczenie schorze\u0144 alergiczno-pulmonologicznych<\/li>\n<li>badanie EKG<\/li>\n<\/ul>\n","protected":false},"excerpt":{"rendered":"<p>Zakres dzialalno\u015bci Poradni Pulmonologicznej dla Doros\u0142ych Pulmonologia&nbsp;(pneumonologia,dawniej ftyzjatria) &#8211; dzia\u0142 medycyny zajmuj\u0105cy si\u0119 diagnostyk\u0105, leczeniem i profilaktyk\u0105 chor\u00f3b uk\u0142adu oddechowego. Najcz\u0119stsze choroby uk\u0142adu oddechowego :astma oskrzelowa,gru\u017alica,mukowiscydoza,odma op\u0142ucnowa, przewlek\u0142a obturacyjna choroba p\u0142uc (POChP),pylica p\u0142uc,rak p\u0142uc,sarkoidoza,zapalenie oskrzeli,zapalenie p\u0142uc. Pulmonologia&nbsp;dla doros\u0142ych &nbsp;zajmuje si\u0119 leczeniem pacjent\u00f3w&nbsp;powy\u017cej 18 roku \u017cycja. W poradni przyjmuje: lek.med.Piotr \u0141awi\u0144ski&nbsp;&#8211; specjalista pulmonolog &nbsp; Wykonywane us\u0142ugi [&hellip;]<\/p>\n","protected":false},"author":1,"featured_media":0,"parent":10,"menu_order":0,"comment_status":"closed","ping_status":"closed","template":"","meta":{"ngg_post_thumbnail":0,"footnotes":""},"_links":{"self":[{"href":"http:\/\/medyk-zlotow.pl\/index.php?rest_route=\/wp\/v2\/pages\/87"}],"collection":[{"href":"http:\/\/medyk-zlotow.pl\/index.php?rest_route=\/wp\/v2\/pages"}],"about":[{"href":"http:\/\/medyk-zlotow.pl\/index.php?rest_route=\/wp\/v2\/types\/page"}],"author":[{"embeddable":true,"href":"http:\/\/medyk-zlotow.pl\/index.php?rest_route=\/wp\/v2\/users\/1"}],"replies":[{"embeddable":true,"href":"http:\/\/medyk-zlotow.pl\/index.php?rest_route=%2Fwp%2Fv2%2Fcomments&post=87"}],"version-history":[{"count":5,"href":"http:\/\/medyk-zlotow.pl\/index.php?rest_route=\/wp\/v2\/pages\/87\/revisions"}],"predecessor-version":[{"id":349,"href":"http:\/\/medyk-zlotow.pl\/index.php?rest_route=\/wp\/v2\/pages\/87\/revisions\/349"}],"up":[{"embeddable":true,"href":"http:\/\/medyk-zlotow.pl\/index.php?rest_route=\/wp\/v2\/pages\/10"}],"wp:attachment":[{"href":"http:\/\/medyk-zlotow.pl\/index.php?rest_route=%2Fwp%2Fv2%2Fmedia&parent=87"}],"curies":[{"name":"wp","href":"https:\/\/api.w.org\/{rel}","templated":true}]}}