{"id":6,"date":"2018-03-01T12:59:00","date_gmt":"2018-03-01T12:59:00","guid":{"rendered":"http:\/\/stronybiznes.home.pl\/autoinstalator\/wordpress3\/?page_id=6"},"modified":"2020-09-02T15:04:07","modified_gmt":"2020-09-02T15:04:07","slug":"kontakt","status":"publish","type":"page","link":"http:\/\/medyk-zlotow.pl\/?page_id=6","title":{"rendered":"Kontakt"},"content":{"rendered":"<p>[vc_row][vc_column][\/vc_column][\/vc_row][vc_row][vc_column][vc_tta_tabs][vc_tta_section title=&#8221;Nasze dane&#8221; tab_id=&#8221;1520259800085-54424a10-6370&#8243;][vc_column_text]Zesp\u00f3\u0142 Diagnostyczno-Leczniczy<br \/>\nPrzychodnia MEDYK<br \/>\nul. Wielatowska 10<br \/>\n77-400 Z\u0142ot\u00f3w<br \/>\nTel. : 67 265 10 99 lub 67 306 70 99 &#8211; rejestracja<\/p>\n<p>e-mail: przychodnia@medyk-zlotow.pl<\/p>\n<div class=\"wpcf7 no-js\" id=\"wpcf7-f106-o1\" lang=\"pl-PL\" dir=\"ltr\">\n<div class=\"screen-reader-response\"><p role=\"status\" aria-live=\"polite\" aria-atomic=\"true\"><\/p> <ul><\/ul><\/div>\n<form action=\"\/index.php?rest_route=%2Fwp%2Fv2%2Fpages%2F6#wpcf7-f106-o1\" method=\"post\" class=\"wpcf7-form init\" aria-label=\"Formularz kontaktowy\" novalidate=\"novalidate\" data-status=\"init\">\n<div style=\"display: none;\">\n<input type=\"hidden\" name=\"_wpcf7\" value=\"106\" \/>\n<input type=\"hidden\" name=\"_wpcf7_version\" value=\"5.9.8\" \/>\n<input type=\"hidden\" name=\"_wpcf7_locale\" value=\"pl_PL\" \/>\n<input type=\"hidden\" name=\"_wpcf7_unit_tag\" value=\"wpcf7-f106-o1\" \/>\n<input type=\"hidden\" name=\"_wpcf7_container_post\" value=\"0\" \/>\n<input type=\"hidden\" name=\"_wpcf7_posted_data_hash\" value=\"\" \/>\n<\/div>\n<p><label> Imi\u0119 i nazwisko (wymagane)<br \/>\n<span class=\"wpcf7-form-control-wrap\" data-name=\"your-name\"><input size=\"40\" maxlength=\"400\" class=\"wpcf7-form-control wpcf7-text wpcf7-validates-as-required\" aria-required=\"true\" aria-invalid=\"false\" value=\"\" type=\"text\" name=\"your-name\" \/><\/span> <\/label>\n<\/p>\n<p><label> Adres email (wymagane)<br \/>\n<span class=\"wpcf7-form-control-wrap\" data-name=\"your-email\"><input size=\"40\" maxlength=\"400\" class=\"wpcf7-form-control wpcf7-email wpcf7-validates-as-required wpcf7-text wpcf7-validates-as-email\" aria-required=\"true\" aria-invalid=\"false\" value=\"\" type=\"email\" name=\"your-email\" \/><\/span> <\/label>\n<\/p>\n<p><label> Temat<br \/>\n<span class=\"wpcf7-form-control-wrap\" data-name=\"your-subject\"><input size=\"40\" maxlength=\"400\" class=\"wpcf7-form-control wpcf7-text\" aria-invalid=\"false\" value=\"\" type=\"text\" name=\"your-subject\" \/><\/span> <\/label>\n<\/p>\n<p><label> Tre\u015b\u0107 wiadomo\u015bci<br \/>\n<span class=\"wpcf7-form-control-wrap\" data-name=\"your-message\"><textarea cols=\"40\" rows=\"10\" maxlength=\"2000\" class=\"wpcf7-form-control wpcf7-textarea\" aria-invalid=\"false\" name=\"your-message\"><\/textarea><\/span> <\/label>\n<\/p>\n<p><input class=\"wpcf7-form-control wpcf7-submit has-spinner\" type=\"submit\" value=\"Wy\u015blij\" \/>\n<\/p><div class=\"wpcf7-response-output\" aria-hidden=\"true\"><\/div>\n<\/form>\n<\/div>\n[\/vc_column_text][\/vc_tta_section][vc_tta_section title=&#8221;Dojazd&#8221; tab_id=&#8221;1520259800125-4561d6f1-3de4&#8243;][vc_column_text]<iframe loading=\"lazy\" style=\"border: 0;\" src=\"https:\/\/www.google.com\/maps\/embed?pb=!1m14!1m8!1m3!1d9521.688554330658!2d17.0196119!3d53.371496!3m2!1i1024!2i768!4f13.1!3m3!1m2!1s0x0%3A0xc1de75b5412730d2!2sMedyk.+Zesp%C3%B3%C5%82+diagnostyczno+-+leczniczy!5e0!3m2!1spl!2spl!4v1520259854119\" allowfullscreen=\"allowfullscreen\" width=\"100%\" height=\"350\" frameborder=\"0\"><\/iframe>[\/vc_column_text][\/vc_tta_section][\/vc_tta_tabs][\/vc_column][\/vc_row]<\/p>\n","protected":false},"excerpt":{"rendered":"<p>[vc_row][vc_column][\/vc_column][\/vc_row][vc_row][vc_column][vc_tta_tabs][vc_tta_section title=&#8221;Nasze dane&#8221; tab_id=&#8221;1520259800085-54424a10-6370&#8243;][vc_column_text]Zesp\u00f3\u0142 Diagnostyczno-Leczniczy Przychodnia MEDYK ul. Wielatowska 10 77-400 Z\u0142ot\u00f3w Tel. : 67 265 10 99 lub 67 306 70 99 &#8211; rejestracja e-mail: przychodnia@medyk-zlotow.pl [\/vc_column_text][\/vc_tta_section][vc_tta_section title=&#8221;Dojazd&#8221; tab_id=&#8221;1520259800125-4561d6f1-3de4&#8243;][vc_column_text][\/vc_column_text][\/vc_tta_section][\/vc_tta_tabs][\/vc_column][\/vc_row]<\/p>\n","protected":false},"author":1,"featured_media":0,"parent":0,"menu_order":0,"comment_status":"closed","ping_status":"closed","template":"","meta":{"ngg_post_thumbnail":0,"footnotes":""},"_links":{"self":[{"href":"http:\/\/medyk-zlotow.pl\/index.php?rest_route=\/wp\/v2\/pages\/6"}],"collection":[{"href":"http:\/\/medyk-zlotow.pl\/index.php?rest_route=\/wp\/v2\/pages"}],"about":[{"href":"http:\/\/medyk-zlotow.pl\/index.php?rest_route=\/wp\/v2\/types\/page"}],"author":[{"embeddable":true,"href":"http:\/\/medyk-zlotow.pl\/index.php?rest_route=\/wp\/v2\/users\/1"}],"replies":[{"embeddable":true,"href":"http:\/\/medyk-zlotow.pl\/index.php?rest_route=%2Fwp%2Fv2%2Fcomments&post=6"}],"version-history":[{"count":7,"href":"http:\/\/medyk-zlotow.pl\/index.php?rest_route=\/wp\/v2\/pages\/6\/revisions"}],"predecessor-version":[{"id":363,"href":"http:\/\/medyk-zlotow.pl\/index.php?rest_route=\/wp\/v2\/pages\/6\/revisions\/363"}],"wp:attachment":[{"href":"http:\/\/medyk-zlotow.pl\/index.php?rest_route=%2Fwp%2Fv2%2Fmedia&parent=6"}],"curies":[{"name":"wp","href":"https:\/\/api.w.org\/{rel}","templated":true}]}}